{"id":2281,"date":"2024-05-28T11:28:00","date_gmt":"2024-05-28T11:28:00","guid":{"rendered":"https:\/\/emelugur.com\/?page_id=2281"},"modified":"2025-11-11T07:29:00","modified_gmt":"2025-11-11T07:29:00","slug":"ueber-mich","status":"publish","type":"page","link":"https:\/\/emelugur.com\/de\/ueber-mich\/","title":{"rendered":"\u00dcber mich"},"content":{"rendered":"\n\t<section class=\"section\" id=\"section_386266718\">\n\t\t<div class=\"section-bg fill\" >\n\t\t\t<img decoding=\"async\" width=\"1920\" height=\"300\" src=\"https:\/\/emelugur.com\/wp-content\/uploads\/2024\/05\/dremelugur_fligran.jpg\" class=\"bg attachment- size-\" alt=\"\" title=\"\">\t\t\t\t\t\t<div class=\"section-bg-overlay absolute fill\"><\/div>\n\t\t\t\n\n\t\t<\/div>\n\n\t\t\n\n\t\t<div class=\"section-content relative\">\n\t\t\t\n  <div id=\"page-header-1321943291\" class=\"page-header-wrapper\">\n  <div class=\"page-title light simple-title\">\n\n    \n    <div class=\"page-title-inner container align-center flex-row medium-flex-wrap\" >\n              <div class=\"title-wrapper is-xlarge flex-col text-left medium-text-center\">\n          <h1 class=\"entry-title mb-0\">\n            \u00dcber mich          <\/h1>\n        <\/div>\n                    <div class=\"title-content flex-col flex-right text-right medium-text-center\">\n        <div class=\"title-breadcrumbs pb-half pt-half\"><\/div>      <\/div>\n    <\/div>\n\n       <\/div>\n    <\/div>\n  \n\t\t<\/div>\n\n\t\t\n<style>\n#section_386266718 {\n  padding-top: 80px;\n  padding-bottom: 80px;\n}\n#section_386266718 .section-bg-overlay {\n  background-color: rgba(255, 255, 255, 0.1);\n}\n<\/style>\n\t<\/section>\n\t\n\n\t<section class=\"section\" id=\"section_1965901976\">\n\t\t<div class=\"section-bg fill\" >\n\t\t\t\t\t\t\t\t\t\n\t\t\t\n\n\t\t<\/div>\n\n\t\t\n\n\t\t<div class=\"section-content relative\">\n\t\t\t\n<div class=\"row\"  id=\"row-655856476\">\n\n\t<div id=\"col-914715641\" class=\"col medium-5 small-12 large-5\"  >\n\t\t\t\t<div class=\"col-inner\"  >\n\t\t\t\n\t\t\t\n\t<div id=\"text-1796763420\" class=\"text\">\n\t\t\n<h1>Dr. Audiologin Emel U\u011fur<\/h1>\n\t\t\n<style>\n#text-1796763420 {\n  font-size: 1.5rem;\n}\n<\/style>\n\t<\/div>\n\t\n\t<div class=\"img has-hover x md-x lg-x y md-y lg-y\" id=\"image_1690224651\">\n\t\t\t\t\t\t\t\t<div class=\"img-inner dark\" >\n\t\t\t<img decoding=\"async\" width=\"600\" height=\"737\" src=\"https:\/\/emelugur.com\/wp-content\/uploads\/2024\/08\/Dr.-Odyolog-Emel-Ugur.jpg\" class=\"attachment-2048x2048 size-2048x2048\" alt=\"\" srcset=\"https:\/\/emelugur.com\/wp-content\/uploads\/2024\/08\/Dr.-Odyolog-Emel-Ugur.jpg 600w, https:\/\/emelugur.com\/wp-content\/uploads\/2024\/08\/Dr.-Odyolog-Emel-Ugur-326x400.jpg 326w\" sizes=\"(max-width: 600px) 100vw, 600px\" title=\"\">\t\t\t\t\t\t\n\t\t\t\t\t<\/div>\n\t\t\t\t\t\t\t\t\n<style>\n#image_1690224651 {\n  width: 100%;\n}\n<\/style>\n\t<\/div>\n\t\n\t\t<\/div>\n\t\t\t\t\t<\/div>\n\n\t\n\n\t<div id=\"col-727133374\" class=\"col medium-7 small-12 large-7\"  >\n\t\t\t\t<div class=\"col-inner\"  >\n\t\t\t\n\t\t\t\n<p><span style=\"font-weight: 400;\">Geboren 1982 in \u00c7anakkale, ist <\/span><b>Dr. Audiologin Emel U\u011fur<\/b><span style=\"font-weight: 400;\"> eine der f\u00fchrenden Pers\u00f6nlichkeiten in der T\u00fcrkei im Bereich H\u00f6r- und Gleichgewichtsgesundheit. Dank ihrer akademischen und klinischen Erfahrung in der Audiologie begann sie ihre berufliche Laufbahn am <\/span><b>Istanbul Ausbildungs- und Forschungskrankenhaus<\/b><span style=\"font-weight: 400;\">, wo sie 15 Jahre lang in den Bereichen <\/span><b>p\u00e4diatrische Audiologie, otologische Erkrankungen und vestibul\u00e4re Funktionsst\u00f6rungen<\/b><span style=\"font-weight: 400;\"> t\u00e4tig war. Seit 2015 arbeitet sie in der <\/span><b>Ac\u0131badem Gesundheitsgruppe<\/b><span style=\"font-weight: 400;\"> und setzt ihre Arbeit am <\/span><b>Ac\u0131badem Altunizade Krankenhaus<\/b><span style=\"font-weight: 400;\"> sowie an der <\/span><b>Ac\u0131badem Mehmet Ali Ayd\u0131nlar Universit\u00e4t<\/b><span style=\"font-weight: 400;\"> fort.<\/span><\/p>\n<p><span style=\"font-weight: 400;\">Emel U\u011fur hat ihren <\/span><b>Doktortitel in Audiologie an der Istanbul Ayd\u0131n Universit\u00e4t<\/b><span style=\"font-weight: 400;\"> erworben. In ihrer Dissertation untersuchte sie die <\/span><b>Gehirnkartierung von Reisekrankheit mithilfe von EEG- und Virtual-Reality-Technologien<\/b><span style=\"font-weight: 400;\">. In ihrer Masterarbeit bewertete sie die <\/span><b>Wirksamkeit der virtuellen, realit\u00e4tsbasierten vestibul\u00e4ren Rehabilitation<\/b><span style=\"font-weight: 400;\">.<\/span><\/p>\n<p><span style=\"font-weight: 400;\">Akademisch ist sie als <\/span><b>Dozentin und Leiterin des Studiengangs Audiometrie an der Ac\u0131badem Universit\u00e4t \u2013 Hochschule f\u00fcr Gesundheitsdienste<\/b><span style=\"font-weight: 400;\"> t\u00e4tig und betreut junge Fachkr\u00e4fte in der Audiologieausbildung und wissenschaftlichen Forschung.<\/span><\/p>\n<p><span style=\"font-weight: 400;\">Ihre klinischen Interessengebiete umfassen <\/span><b>H\u00f6rverluste, Gleichgewichtsst\u00f6rungen, Reisekrankheit, Virtual-Reality-basierte vestibul\u00e4re Rehabilitation<\/b><span style=\"font-weight: 400;\"> sowie <\/span><b>kognitive-vestibul\u00e4re Funktionen bei \u00e4lteren Menschen<\/b><span style=\"font-weight: 400;\">.<\/span><\/p>\n\t\t<\/div>\n\t\t\t\t\t<\/div>\n\n\t\n\n\t<div id=\"col-282467200\" class=\"col small-12 large-12\"  >\n\t\t\t\t<div class=\"col-inner\"  >\n\t\t\t\n\t\t\t\n<h2><b>\ud83d\udd39 Akademische und Wissenschaftliche Beitr\u00e4ge<\/b><\/h2>\n<p><span style=\"font-weight: 400;\">Dr. U\u011fur war als <\/span><b>Gutachterin<\/b><span style=\"font-weight: 400;\"> f\u00fcr zahlreiche internationale Fachzeitschriften t\u00e4tig, die in SCI-E und ESCI gelistet sind, darunter <\/span><b>Journal of International Advanced Otology<\/b><span style=\"font-weight: 400;\">, <\/span><b>Nature<\/b><span style=\"font-weight: 400;\">, <\/span><b>Frontiers Virtual Reality<\/b><span style=\"font-weight: 400;\"> und <\/span><b>Journal of Audiology and Otology<\/b><span style=\"font-weight: 400;\">.<\/span><\/p>\n<p><span style=\"font-weight: 400;\">Zu ihren international ver\u00f6ffentlichten Artikeln geh\u00f6ren:<\/span><\/p>\n<ul>\n<li><i>The Potential Use of Virtual Reality in Vestibular Rehabilitation of Motion Sickness<\/i> (Auris Nasus Larynx, 2022)<\/li>\n<li><i>Evaluation of the Effect of Hearing Loss on Cognitive-Vestibular Functions in the Geriatric Population<\/i> (Egyptian Journal of Otolaryngology, 2024)<\/li>\n<li><i>Is the Brightness-Contrast Level of Virtual Reality Videos Significant for Visually Induced Motion Sickness?<\/i> (Frontiers, 2024)<\/li>\n<\/ul>\n<p><span style=\"font-weight: 400;\">Dar\u00fcber hinaus war sie Mitautorin der B\u00fccher \u201e<\/span><b>Grundlagen der Vestibul\u00e4ren Rehabilitation<\/b><span style=\"font-weight: 400;\">\u201c und \u201e<\/span><b>Wie man Schritt f\u00fcr Schritt einen medizinischen Artikel schreibt<\/b><span style=\"font-weight: 400;\">\u201c.<\/span><\/p>\n<h2><b>\ud83d\udd39 Teilnahme<\/b><\/h2>\n<p><span style=\"font-weight: 400;\">Dr. U\u011fur nahm aktiv an zahlreichen nationalen und internationalen Kongressen teil, darunter den <\/span><b>Kongressen f\u00fcr Audiologie und Sprachst\u00f6rungen<\/b><span style=\"font-weight: 400;\">, dem <\/span><b>Kongress der Europ\u00e4ischen F\u00f6deration der Audiologiegesellschaften<\/b><span style=\"font-weight: 400;\"> und dem <\/span><b>Internationalen Kongress f\u00fcr Audio-Vestibul\u00e4re Medizin<\/b><span style=\"font-weight: 400;\">.<\/span><\/p>\n<h2><b>\ud83d\udd39 Fachgebiete<\/b><\/h2>\n<ul>\n<li>P\u00e4diatrische Audiologie<\/li>\n<li>Vestibul\u00e4re Rehabilitation<\/li>\n<li>Virtual-Reality-basierte audiologische Forschung<\/li>\n<li>H\u00f6rverlust und Gleichgewichtsst\u00f6rungen<\/li>\n<li>Kognitive-vestibul\u00e4re Funktionen im Alter<\/li>\n<li>Otologische Erkrankungen<\/li>\n<\/ul>\n\t\t<\/div>\n\t\t\t\t\t<\/div>\n\n\t\n<\/div>\n\t\t<\/div>\n\n\t\t\n<style>\n#section_1965901976 {\n  padding-top: 30px;\n  padding-bottom: 30px;\n}\n<\/style>\n\t<\/section>\n\t\n<div style='text-align:center' class='yasr-auto-insert-visitor'><\/div>","protected":false},"excerpt":{"rendered":"","protected":false},"author":1,"featured_media":0,"parent":0,"menu_order":0,"comment_status":"closed","ping_status":"closed","template":"page-blank.php","meta":{"yasr_overall_rating":0,"yasr_post_is_review":"","yasr_auto_insert_disabled":"","yasr_review_type":"","footnotes":""},"class_list":["post-2281","page","type-page","status-publish","hentry"],"yasr_visitor_votes":{"stars_attributes":{"read_only":false,"span_bottom":false},"number_of_votes":0,"sum_votes":0},"_links":{"self":[{"href":"https:\/\/emelugur.com\/de\/wp-json\/wp\/v2\/pages\/2281","targetHints":{"allow":["GET"]}}],"collection":[{"href":"https:\/\/emelugur.com\/de\/wp-json\/wp\/v2\/pages"}],"about":[{"href":"https:\/\/emelugur.com\/de\/wp-json\/wp\/v2\/types\/page"}],"author":[{"embeddable":true,"href":"https:\/\/emelugur.com\/de\/wp-json\/wp\/v2\/users\/1"}],"replies":[{"embeddable":true,"href":"https:\/\/emelugur.com\/de\/wp-json\/wp\/v2\/comments?post=2281"}],"version-history":[{"count":6,"href":"https:\/\/emelugur.com\/de\/wp-json\/wp\/v2\/pages\/2281\/revisions"}],"predecessor-version":[{"id":3192,"href":"https:\/\/emelugur.com\/de\/wp-json\/wp\/v2\/pages\/2281\/revisions\/3192"}],"wp:attachment":[{"href":"https:\/\/emelugur.com\/de\/wp-json\/wp\/v2\/media?parent=2281"}],"curies":[{"name":"wp","href":"https:\/\/api.w.org\/{rel}","templated":true}]}}