{"id":2296,"date":"2024-11-01T07:02:37","date_gmt":"2024-11-01T07:02:37","guid":{"rendered":"https:\/\/emelugur.com\/?page_id=2296"},"modified":"2025-04-08T14:40:11","modified_gmt":"2025-04-08T14:40:11","slug":"bildungsinformationen","status":"publish","type":"page","link":"https:\/\/emelugur.com\/de\/ueber-mich\/bildungsinformationen\/","title":{"rendered":"Bildungsinformationen"},"content":{"rendered":"\n\t<section class=\"section\" id=\"section_525560064\">\n\t\t<div class=\"section-bg fill\" >\n\t\t\t<img decoding=\"async\" width=\"1920\" height=\"300\" src=\"https:\/\/emelugur.com\/wp-content\/uploads\/2024\/05\/dremelugur_fligran.jpg\" class=\"bg attachment- size-\" alt=\"\" title=\"\">\t\t\t\t\t\t<div class=\"section-bg-overlay absolute fill\"><\/div>\n\t\t\t\n\n\t\t<\/div>\n\n\t\t\n\n\t\t<div class=\"section-content relative\">\n\t\t\t\n  <div id=\"page-header-1837856729\" class=\"page-header-wrapper\">\n  <div class=\"page-title light simple-title\">\n\n    \n    <div class=\"page-title-inner container align-center flex-row medium-flex-wrap\" >\n              <div class=\"title-wrapper is-xlarge flex-col text-left medium-text-center\">\n          <h1 class=\"entry-title mb-0\">\n            Bildungsinformationen          <\/h1>\n        <\/div>\n                    <div class=\"title-content flex-col flex-right text-right medium-text-center\">\n        <div class=\"title-breadcrumbs pb-half pt-half\"><\/div>      <\/div>\n    <\/div>\n\n       <\/div>\n    <\/div>\n  \n\t\t<\/div>\n\n\t\t\n<style>\n#section_525560064 {\n  padding-top: 80px;\n  padding-bottom: 80px;\n}\n#section_525560064 .section-bg-overlay {\n  background-color: rgba(255, 255, 255, 0.1);\n}\n<\/style>\n\t<\/section>\n\t\n\n\t<section class=\"section\" id=\"section_835486129\">\n\t\t<div class=\"section-bg fill\" >\n\t\t\t\t\t\t\t\t\t\n\t\t\t\n\n\t\t<\/div>\n\n\t\t\n\n\t\t<div class=\"section-content relative\">\n\t\t\t\n<div class=\"row hide-for-small\"  id=\"row-32851473\">\n\n\t<div id=\"col-658159100\" class=\"col medium-6 small-12 large-6\"  >\n\t\t\t\t<div class=\"col-inner\"  >\n\t\t\t\n\t\t\t\n<h2><span style=\"font-size: 130%;\">Ausbildung<\/span><\/h2>\n<p><span style=\"font-size: 130%;\"><strong>Promotion<\/strong><\/span><\/p>\n<p>Istanbul Ayd\u0131n Universit\u00e4t, Fakult\u00e4t f\u00fcr Gesundheitswissenschaften, Abteilung Audiologie, T\u00fcrkei<\/p>\n<p><span style=\"font-size: 130%;\"><strong>Master<\/strong><\/span><\/p>\n<p>Istanbul Ayd\u0131n Universit\u00e4t, Institut f\u00fcr Gesundheitswissenschaften, Audiologie, T\u00fcrkei<\/p>\n<p><span style=\"font-size: 130%;\"><strong>Bachelor<\/strong><\/span><\/p>\n<p>Istanbul Universit\u00e4t, Institut f\u00fcr Gesundheitswissenschaften, Fakult\u00e4t f\u00fcr Gesundheitswissenschaften, T\u00fcrkei<\/p>\n\t\t<\/div>\n\t\t\t\t\t<\/div>\n\n\t\n\n\t<div id=\"col-1987970948\" class=\"col medium-6 small-12 large-6\"  >\n\t\t\t\t<div class=\"col-inner\"  >\n\t\t\t\n\t\t\t\n<h2><span style=\"font-size: 130%;\">Dissertationen<\/span><\/h2>\n<p><span style=\"font-size: 130%;\"><strong>Promotion<\/strong><\/span><\/p>\n<p>Topografische Gehirnkartierung der Reisekrankheit mittels EEG und Virtual Reality<\/p>\n<p>Istanbul Ayd\u0131n Universit\u00e4t, Hochschule f\u00fcr Wissenschaft und Technologie, Audiologie<\/p>\n<p><span style=\"font-size: 130%;\"><strong>Master<\/strong><\/span><\/p>\n<p>Bewertung der Wirksamkeit von Virtual-Reality-(VR) Spielsystemen in der vestibul\u00e4ren Rehabilitation bei Reisekrankheit<\/p>\n<p>Istanbul Ayd\u0131n Universit\u00e4t, Institut f\u00fcr Gesundheitswissenschaften, Audiologie<\/p>\n\t\t<\/div>\n\t\t\t\t\t<\/div>\n\n\t\n\n\t<div id=\"col-515786838\" class=\"col medium-6 small-12 large-6\"  >\n\t\t\t\t<div class=\"col-inner\"  >\n\t\t\t\n\t\t\t\n<h2><span style=\"font-size: 130%;\">Fremdsprachen<\/span><\/h2>\n<p><strong>B2 Oberstufe \u2013 Englisch<\/strong><\/p>\n\t\t<\/div>\n\t\t\t\t\t<\/div>\n\n\t\n\n<style>\n#row-32851473 > .col > .col-inner {\n  padding: 10px 10px 10px 10px;\n}\n<\/style>\n<\/div>\n<div class=\"row show-for-small\"  id=\"row-1671598566\">\n\n\t<div id=\"col-1818816141\" class=\"col medium-6 small-12 large-6\"  >\n\t\t\t\t<div class=\"col-inner\"  >\n\t\t\t\n\t\t\t\n<h2><span style=\"font-size: 150%;\">Ausbildung<\/span><\/h2>\n<p><span style=\"font-size: 130%;\"><strong>2019 \u2013 2023 \u2013 Promotion<\/strong><\/span><\/p>\n<p>Istanbul Ayd\u0131n Universit\u00e4t, Fakult\u00e4t f\u00fcr Gesundheitswissenschaften, Abteilung Audiologie, T\u00fcrkei<\/p>\n<p><span style=\"font-size: 130%;\"><strong>2016 \u2013 2018 \u2013 Master<\/strong><\/span><\/p>\n<p>Istanbul Ayd\u0131n Universit\u00e4t, Institut f\u00fcr Gesundheitswissenschaften, Audiologie, T\u00fcrkei<\/p>\n<p><span style=\"font-size: 130%;\"><strong>2012 \u2013 2015 \u2013 Bachelor<\/strong><\/span><\/p>\n<p>Istanbul Universit\u00e4t, Institut f\u00fcr Gesundheitswissenschaften, Fakult\u00e4t f\u00fcr Gesundheitswissenschaften, T\u00fcrkei<\/p>\n<h2><span style=\"font-size: 150%;\">Dissertationen<\/span><\/h2>\n<p><span style=\"font-size: 130%;\"><strong>2023 \u2013 Promotion<\/strong><\/span><\/p>\n<p>Topografische Gehirnkartierung der Reisekrankheit mittels EEG und Virtual Reality<\/p>\n<p>Istanbul Ayd\u0131n Universit\u00e4t, Hochschule f\u00fcr Wissenschaft und Technologie, Audiologie<\/p>\n<p><span style=\"font-size: 130%;\"><strong>2018 \u2013 Master<\/strong><\/span><\/p>\n<p>Bewertung der Wirksamkeit von Virtual-Reality-(VR) Spielsystemen in der vestibul\u00e4ren Rehabilitation bei Reisekrankheit<\/p>\n<p>Istanbul Ayd\u0131n Universit\u00e4t, Institut f\u00fcr Gesundheitswissenschaften, Audiologie<\/p>\n<h2><span style=\"font-size: 150%;\">Fremdsprachen<\/span><\/h2>\n<p><strong>B2 Oberstufe \u2013 Englisch<\/strong><\/p>\n\t\t<\/div>\n\t\t\t\t\t<\/div>\n\n\t\n<\/div>\n\t\t<\/div>\n\n\t\t\n<style>\n#section_835486129 {\n  padding-top: 30px;\n  padding-bottom: 30px;\n}\n<\/style>\n\t<\/section>\n\t\n<div style='text-align:center' class='yasr-auto-insert-visitor'><\/div>","protected":false},"excerpt":{"rendered":"","protected":false},"author":1,"featured_media":0,"parent":2281,"menu_order":0,"comment_status":"closed","ping_status":"closed","template":"page-blank.php","meta":{"yasr_overall_rating":0,"yasr_post_is_review":"","yasr_auto_insert_disabled":"","yasr_review_type":"","footnotes":""},"class_list":["post-2296","page","type-page","status-publish","hentry"],"yasr_visitor_votes":{"stars_attributes":{"read_only":false,"span_bottom":false},"number_of_votes":0,"sum_votes":0},"_links":{"self":[{"href":"https:\/\/emelugur.com\/de\/wp-json\/wp\/v2\/pages\/2296","targetHints":{"allow":["GET"]}}],"collection":[{"href":"https:\/\/emelugur.com\/de\/wp-json\/wp\/v2\/pages"}],"about":[{"href":"https:\/\/emelugur.com\/de\/wp-json\/wp\/v2\/types\/page"}],"author":[{"embeddable":true,"href":"https:\/\/emelugur.com\/de\/wp-json\/wp\/v2\/users\/1"}],"replies":[{"embeddable":true,"href":"https:\/\/emelugur.com\/de\/wp-json\/wp\/v2\/comments?post=2296"}],"version-history":[{"count":2,"href":"https:\/\/emelugur.com\/de\/wp-json\/wp\/v2\/pages\/2296\/revisions"}],"predecessor-version":[{"id":2305,"href":"https:\/\/emelugur.com\/de\/wp-json\/wp\/v2\/pages\/2296\/revisions\/2305"}],"up":[{"embeddable":true,"href":"https:\/\/emelugur.com\/de\/wp-json\/wp\/v2\/pages\/2281"}],"wp:attachment":[{"href":"https:\/\/emelugur.com\/de\/wp-json\/wp\/v2\/media?parent=2296"}],"curies":[{"name":"wp","href":"https:\/\/api.w.org\/{rel}","templated":true}]}}