{"id":2485,"date":"2024-06-27T23:21:44","date_gmt":"2024-06-27T23:21:44","guid":{"rendered":"https:\/\/emelugur.com\/?page_id=2485"},"modified":"2025-04-09T08:48:09","modified_gmt":"2025-04-09T08:48:09","slug":"epley-manoever","status":"publish","type":"page","link":"https:\/\/emelugur.com\/de\/vertigo\/epley-manoever\/","title":{"rendered":"Epley-Man\u00f6ver"},"content":{"rendered":"<p>BPPV (Benign Paroxysmal Positional Vertigo) ist die h\u00e4ufigste Ursache f\u00fcr peripher bedingten Schwindel. Dieses Krankheitsbild zeichnet sich durch heftigen Drehschwindel aus (wahrgenommen als Rotationsbewegung der Umgebung), begleitet von \u00dcbelkeit und Erbrechen in Abh\u00e4ngigkeit von der Schwindelst\u00e4rke. Am h\u00e4ufigsten tritt die sogenannte \u201eposteriore Bogengangs-BPPV\u201c auf. Grund daf\u00fcr sind die anatomischen Besonderheiten des Innenohrs und die Lage der Bogeng\u00e4nge.<\/p>\n<p>Die effektivste und bekannteste Behandlung bei einer BPPV im hinteren Bogengang ist das Epley-Man\u00f6ver, weshalb es besonders h\u00e4ufig angewendet wird. Allerdings kann Epley nur f\u00fcr vier von zw\u00f6lf m\u00f6glichen BPPV-Varianten eingesetzt werden \u2013 bei diesen vier Varianten variiert sogar die genaue Durchf\u00fchrung.<\/p>\n<p>Bei BPPV kommt es zur Verlagerung von Kalziumkarbonatkristallen (Otokonien) im Innenohr. Das Epley-Man\u00f6ver bewirkt, dass sich die Kristalle aus den Bogeng\u00e4ngen l\u00f6sen und wieder in ihre korrekte Position zur\u00fcckgelangen, wodurch die Patienten rasch eine Besserung sp\u00fcren. Es wird von Fachkr\u00e4ften in der Klinik ausgef\u00fchrt.<\/p>\n<h2>Kanalith-Repositionsverfahren \u2013 Was ist das?<\/h2>\n<p>Das Kanalith-Repositionsverfahren wird zur Therapie einer BPPV (\u201eKristall-Verschiebung\u201c) eingesetzt. Dabei sind aus dem Utrikulus, wo sich die Otokonien (Kalziumkarbonatkristalle) normalerweise befinden, Teile in einen der Bogeng\u00e4nge gelangt. Je nachdem, in welchem Bogengang sie sich befinden, variieren Symptomatik (v. a. Charakteristik des Nystagmus) und Behandlung. Das Epley-Man\u00f6ver ist nur eines von mehreren m\u00f6glichen Verfahren und eignet sich ausschlie\u00dflich f\u00fcr die posteriore BPPV. Auf sozialen Plattformen und Videokan\u00e4len wird das Epley-Man\u00f6ver oft Schritt f\u00fcr Schritt erkl\u00e4rt. Dennoch sollte es aus diagnostischen Gr\u00fcnden und wegen m\u00f6glicher Risiken ausschlie\u00dflich von Fachpersonal unter klinischen Bedingungen durchgef\u00fchrt werden.<\/p>\n<p>Beim Man\u00f6ver werden die Kristalle, die in den Bogengang gelangt sind, durch definierte Bewegungsabl\u00e4ufe zur\u00fcck in den Utrikulus bef\u00f6rdert. Die Behandlung dauert meist nur wenige Minuten und verschafft den meisten Patienten sofortige Erleichterung. Da sie jedoch nur auf die posteriore BPPV abzielt, ist sie bei anderen Schwindelarten oder einer BPPV in anderen Bogeng\u00e4ngen nicht geeignet. Die Durchf\u00fchrung muss stets von einem qualifizierten medizinischen Experten vorgenommen werden. Ein eigenst\u00e4ndiges Anwenden zu Hause ist nicht ratsam.<\/p>\n<h2>Wie l\u00e4uft das Epley-Man\u00f6ver ab?<\/h2>\n<p>Voraussetzung f\u00fcr das Epley-Man\u00f6ver ist die sichere Diagnose einer posterioren BPPV. Vorab werden spezielle Lagerungstests (z. B. Dix-Hallpike, Roll-Test) durchgef\u00fchrt, um festzustellen, welcher Bogengang tats\u00e4chlich betroffen ist.<\/p>\n<p>Das Epley-Man\u00f6ver dauert insgesamt etwa f\u00fcnf Minuten. Je nach Krankheitsverlauf l\u00e4sst sich das Verfahren bei Bedarf wiederholen.<\/p>\n<p>Der Patient liegt dabei in R\u00fcckenlage, w\u00e4hrend der Behandler die Kopfform und -position kontrolliert und dabei f\u00fcr korrekte Winkel sorgt. Eine bequeme Kleidung erleichtert den Ablauf. W\u00e4hrend der Prozedur kann sich der Schwindel vor\u00fcbergehend verst\u00e4rken; das ist normal. <a href=\"https:\/\/pubmed.ncbi.nlm.nih.gov\/30231127\/\" target=\"_blank\" rel=\"noopener\">Mitunter lassen sich auch tumarkin\u00e4hnliche Krisen beobachten<\/a>, bei denen es wichtig ist, die Augen offen zu halten und einen fixen Punkt zu fixieren.<\/p>\n<h2>Kann ich das Epley-Man\u00f6ver selbst durchf\u00fchren?<\/h2>\n<p>Es existieren modifizierte Versionen (\u201eHome Epley\u201c), die man zu Hause praktizieren kann. Sie sind eher als erg\u00e4nzende \u00dcbung denn als vollwertige Therapie zu verstehen. Wird das Man\u00f6ver unsachgem\u00e4\u00df ausgef\u00fchrt, kann es sogar zu einer Verschlechterung der Situation kommen. Zudem ist nicht jeder Schwindel eine BPPV \u2013 andere zentrale (z. B. neurologische) Ursachen m\u00fcssen vorher ausgeschlossen sein. Deshalb ist es ratsam, das Epley-Man\u00f6ver immer in einer Klinik bzw. Praxis und unter Anleitung von Experten durchf\u00fchren zu lassen.<\/p>\n<p>Im Alltag gilt: Versp\u00fcrt man pl\u00f6tzlichen Schwindel, sollte man eher die Position beibehalten, die Augen offen halten und einen fixen Punkt anschauen, damit sich der Schwindel binnen weniger Minuten beruhigt. Nach Abklingen einer Attacke sollte man f\u00fcr kurze Zeit die eingenommene Lage beibehalten und danach vorsichtige Bewegungen ausf\u00fchren. Anschlie\u00dfend ist eine \u00e4rztliche Abkl\u00e4rung wichtig.<\/p>\n<h2>Wann wird das Epley-Man\u00f6ver angewendet?<\/h2>\n<p>Das Epley-Man\u00f6ver kommt bei Personen mit gesicherter BPPV des hinteren Bogengangs zum Einsatz und kann prinzipiell zu jedem Zeitpunkt durchgef\u00fchrt werden \u2013 allerdings nicht als Heimma\u00dfnahme, sondern in klinischer Umgebung.<\/p>\n<p><strong>Wie rasch wirkt das Epley-Man\u00f6ver?<\/strong><br \/>\nDie Wirksamkeit setzt oft umgehend ein, kann aber von Patient zu Patient variieren. H\u00e4ufig werden ein bis zwei Behandlungen ben\u00f6tigt; zeigen sich keine Verbesserungen, sollte die Therapie dennoch fortgef\u00fchrt werden. Viele reagieren schon nach der ersten Anwendung mit einer deutlichen Linderung. Je nach Krankheitsbild und Auspr\u00e4gung der BPPV kann aber eine mehrmalige Wiederholung notwendig sein. Im Anschluss geben manche Behandler Haus\u00fcbungen oder Bewegungsanweisungen, die den Erfolg unterst\u00fctzen. Wichtig ist, die empfohlenen Pausen und Zeitpunkte f\u00fcr die \u00dcbungen zu beachten.<\/p>\n<h2>Wie sollte ich mich nach dem Epley-Man\u00f6ver zu Hause verhalten?<\/h2>\n<p>Nach dem Man\u00f6ver versp\u00fcren Patienten \u00fcblicherweise sofort eine Besserung. In den ersten 24 Stunden empfiehlt es sich dennoch, bestimmte Vorkehrungen zu treffen, um die Lage der Kristalle zu stabilisieren und das Risiko erneuter Attacken zu senken:<\/p>\n<ul>\n<li aria-level=\"1\">Beim Schlafen den Kopf leicht erh\u00f6ht lagern und m\u00f6glichst in R\u00fcckenlage bleiben.<\/li>\n<li aria-level=\"1\">Hastige Kopfbewegungen vermeiden.<\/li>\n<li aria-level=\"1\">Von ruckartigen B\u00fcck- oder Streckbewegungen absehen.<\/li>\n<\/ul>\n<p>Solche Ma\u00dfnahmen dienen dazu, die zur\u00fcckbewegen Otokonien zu fixieren, damit die BPPV-Symptome wegbleiben. Danach sind die meisten Patienten schnell wieder alltagsf\u00e4hig.<\/p>\n<h2>Wie erfolgreich sind Kanalith-Repositionsman\u00f6ver?<\/h2>\n<p>Studien zufolge sind sie bei der Behandlung von BPPV sehr erfolgreich. Fachleute raten bei diesem Beschwerdebild h\u00e4ufig zu diesen Prozeduren, da die Erfolgsquote hoch ist:<\/p>\n<ul>\n<li aria-level=\"1\">Die Erfolgsraten f\u00fcr das Epley-Man\u00f6ver liegen im Durchschnitt bei etwa 80 %.<\/li>\n<li aria-level=\"1\">Experten betrachten Kanalith-Repositionierung als Erstlinientherapie, wenn eine BPPV nachgewiesen wurde.<\/li>\n<\/ul>\n<p>\u00dcblicherweise berichten Betroffene nach der Behandlung von einer raschen Besserung. Insbesondere das Epley-Man\u00f6ver \u00fcberzeugt mit seinen raschen und dauerhaften Erfolgen, jedoch nur im Fall einer posterioren BPPV.<\/p>\n<h2>Welche Vorteile hat das Epley-Man\u00f6ver?<\/h2>\n<p>Diese Methode positioniert die Otokonien nicht nur korrekt im Innenohr, sondern bringt auch weitere Vorz\u00fcge f\u00fcr den Patienten:<\/p>\n<ul>\n<li aria-level=\"1\"><strong>Geringes Risiko:<\/strong> Da es sich um ein nichtinvasives Verfahren handelt, erfordert es keinen operativen Eingriff und geht mit wenigen Komplikationen einher.<\/li>\n<li aria-level=\"1\"><strong>Einfache Durchf\u00fchrung:<\/strong> Die Behandlung l\u00e4sst sich direkt in der Praxis vornehmen, ohne station\u00e4ren Aufenthalt.<\/li>\n<\/ul>\n<p>Somit erweist sich das Epley-Man\u00f6ver als sichere Option zur Linderung von Schwindelbeschwerden, sofern eine Posterior-Kanal-BPPV vorliegt.<\/p>\n<h2>Welche Risiken oder Komplikationen sind beim Epley-Man\u00f6ver zu beachten?<\/h2>\n<p>Obwohl das Epley-Man\u00f6ver als bew\u00e4hrte Therapie f\u00fcr BPPV gilt, ist es nicht f\u00fcr jede Person gleicherma\u00dfen geeignet. Einige Patienten k\u00f6nnen vor\u00fcbergehend an \u00dcbelkeit und erh\u00f6htem Schwindel leiden; Erbrechen ist eine m\u00f6gliche Begleiterscheinung. Diese Reaktionen sind in aller Regel vor\u00fcbergehend und geh\u00f6ren zum Behandlungsprozess.<\/p>\n<p>Liegt eine Vorsch\u00e4digung vor, kann die Anwendung des Epley-Man\u00f6vers allerdings risikoreicher sein:<\/p>\n<ul>\n<li aria-level=\"1\">Netzhautabl\u00f6sungen (Retina-Degenerationen)<\/li>\n<li aria-level=\"1\">Gef\u00e4\u00dferkrankungen<\/li>\n<li aria-level=\"1\">Verletzungen im Nacken- oder R\u00fcckenbereich<\/li>\n<\/ul>\n<p>Bei solchen F\u00e4llen empfiehlt sich unbedingt eine vorherige Abkl\u00e4rung mit dem behandelnden Arzt, um m\u00f6gliche Komplikationen zu vermeiden.<\/p>\n<h2>Kann sich der Zustand durch das Epley-Man\u00f6ver verschlechtern?<\/h2>\n<p>Eine falsche Ausf\u00fchrung des Epley-Man\u00f6vers kann die Beschwerden verst\u00e4rken und unter Umst\u00e4nden Verletzungen im Nackenbereich beg\u00fcnstigen. Auch eine Fehlsteuerung der Kristalle in einen anderen Bogengang kann die Symptome verschlimmern. Um solche Probleme zu vermeiden, sollte das Man\u00f6ver stets von qualifiziertem Fachpersonal in der Klinik durchgef\u00fchrt werden.<\/p>\n<h2>Wann sollte ein Facharzt konsultiert werden?<\/h2>\n<p>Obwohl das Epley-Man\u00f6ver sich bei einer BPPV des hinteren Bogengangs als \u00e4u\u00dferst wirksam erweist, k\u00f6nnen in manchen F\u00e4llen andere medizinische Behandlungen n\u00f6tig sein. Bei anhaltendem Schwindel, st\u00e4ndigem Benommenheitsgef\u00fchl oder starken Gleichgewichtsproblemen empfiehlt es sich, einen Facharzt aufzusuchen. <a href=\"https:\/\/my.clevelandclinic.org\/health\/treatments\/17930-canalith-repositioning-procedure-crp\" target=\"_blank\" rel=\"noopener\">Solche Symptome k\u00f6nnten auf andere Grunderkrankungen hinweisen<\/a>. Der Arzt stellt dann eine exakte Diagnose und schl\u00e4gt gegebenenfalls eine alternative oder erg\u00e4nzende Therapie vor. Auch medikament\u00f6se Ma\u00dfnahmen k\u00f6nnen n\u00f6tig werden, um den Schwindel besser zu beherrschen.<\/p>\n<div style='text-align:center' class='yasr-auto-insert-visitor'><\/div>","protected":false},"excerpt":{"rendered":"<p>BPPV (Benign Paroxysmal Positional Vertigo) ist die h\u00e4ufigste Ursache f\u00fcr peripher bedingten Schwindel. Dieses Krankheitsbild zeichnet sich durch heftigen Drehschwindel aus (wahrgenommen als Rotationsbewegung der Umgebung), begleitet von \u00dcbelkeit und Erbrechen in Abh\u00e4ngigkeit von der Schwindelst\u00e4rke. Am h\u00e4ufigsten tritt die sogenannte \u201eposteriore Bogengangs-BPPV\u201c auf. Grund daf\u00fcr sind die anatomischen Besonderheiten des Innenohrs und die Lage [&#8230;]\n","protected":false},"author":1,"featured_media":0,"parent":2336,"menu_order":0,"comment_status":"closed","ping_status":"closed","template":"page-blank.php","meta":{"yasr_overall_rating":0,"yasr_post_is_review":"","yasr_auto_insert_disabled":"","yasr_review_type":"","footnotes":""},"class_list":["post-2485","page","type-page","status-publish","hentry"],"yasr_visitor_votes":{"stars_attributes":{"read_only":false,"span_bottom":false},"number_of_votes":0,"sum_votes":0},"_links":{"self":[{"href":"https:\/\/emelugur.com\/de\/wp-json\/wp\/v2\/pages\/2485","targetHints":{"allow":["GET"]}}],"collection":[{"href":"https:\/\/emelugur.com\/de\/wp-json\/wp\/v2\/pages"}],"about":[{"href":"https:\/\/emelugur.com\/de\/wp-json\/wp\/v2\/types\/page"}],"author":[{"embeddable":true,"href":"https:\/\/emelugur.com\/de\/wp-json\/wp\/v2\/users\/1"}],"replies":[{"embeddable":true,"href":"https:\/\/emelugur.com\/de\/wp-json\/wp\/v2\/comments?post=2485"}],"version-history":[{"count":4,"href":"https:\/\/emelugur.com\/de\/wp-json\/wp\/v2\/pages\/2485\/revisions"}],"predecessor-version":[{"id":2533,"href":"https:\/\/emelugur.com\/de\/wp-json\/wp\/v2\/pages\/2485\/revisions\/2533"}],"up":[{"embeddable":true,"href":"https:\/\/emelugur.com\/de\/wp-json\/wp\/v2\/pages\/2336"}],"wp:attachment":[{"href":"https:\/\/emelugur.com\/de\/wp-json\/wp\/v2\/media?parent=2485"}],"curies":[{"name":"wp","href":"https:\/\/api.w.org\/{rel}","templated":true}]}}