{"id":1929,"date":"2024-11-27T10:19:12","date_gmt":"2024-11-27T10:19:12","guid":{"rendered":"https:\/\/emelugur.com\/?page_id=1929"},"modified":"2025-02-11T12:37:11","modified_gmt":"2025-02-11T12:37:11","slug":"videos","status":"publish","type":"page","link":"https:\/\/emelugur.com\/en\/about-us\/videos\/","title":{"rendered":"Videos"},"content":{"rendered":"\n\t<section class=\"section\" id=\"section_1551728384\">\n\t\t<div class=\"section-bg fill\" >\n\t\t\t<img decoding=\"async\" width=\"1920\" height=\"300\" src=\"https:\/\/emelugur.com\/wp-content\/uploads\/2024\/05\/dremelugur_fligran.jpg\" class=\"bg attachment- size-\" alt=\"\" title=\"\">\t\t\t\t\t\t\n\t\t\t\n\n\t\t<\/div>\n\n\t\t\n\n\t\t<div class=\"section-content relative\">\n\t\t\t\n  <div id=\"page-header-479460243\" class=\"page-header-wrapper\">\n  <div class=\"page-title light simple-title\">\n\n    \n    <div class=\"page-title-inner container align-top flex-row medium-flex-wrap\" >\n              <div class=\"title-wrapper is-larger flex-col text-left medium-text-center\">\n          <h1 class=\"entry-title mb-0\">\n            Videos          <\/h1>\n        <\/div>\n                    <div class=\"title-content flex-col flex-right text-right medium-text-center\">\n        <div class=\"title-breadcrumbs pb-half pt-half\"><\/div>      <\/div>\n    <\/div>\n\n       <\/div>\n    <\/div>\n  \n\t\t<\/div>\n\n\t\t\n<style>\n#section_1551728384 {\n  padding-top: 60px;\n  padding-bottom: 60px;\n}\n<\/style>\n\t<\/section>\n\t\n\n\t<section class=\"section\" id=\"section_547252162\">\n\t\t<div class=\"section-bg fill\" >\n\t\t\t\t\t\t\t\t\t\n\t\t\t\n\n\t\t<\/div>\n\n\t\t\n\n\t\t<div class=\"section-content relative\">\n\t\t\t\n<div class=\"row\"  id=\"row-2016088005\">\n\n\t<div id=\"col-1321303751\" class=\"col medium-4 small-12 large-4\"  >\n\t\t\t\t<div class=\"col-inner\"  >\n\t\t\t\n\t\t\t\n<div class=\"video video-fit mb\" style=\"padding-top:170%;\"><p><iframe title=\"I\u0307s\u0327itme cihaz\u0131 kulag\u0306\u0131 tembelles\u0327tirir mi? | Dr. Ody. Emel U\u011fur\" width=\"1020\" height=\"574\" src=\"https:\/\/www.youtube.com\/embed\/QmnwFTC6yN4?feature=oembed\" frameborder=\"0\" allow=\"accelerometer; autoplay; clipboard-write; encrypted-media; gyroscope; picture-in-picture; web-share\" referrerpolicy=\"strict-origin-when-cross-origin\" allowfullscreen><\/iframe><\/p>\n<div style='text-align:center' class='yasr-auto-insert-visitor'><\/div><\/div>\n\t\t<\/div>\n\t\t\t\t\t<\/div>\n\n\t\n\n\t<div id=\"col-690010090\" class=\"col medium-4 small-12 large-4\"  >\n\t\t\t\t<div class=\"col-inner\"  >\n\t\t\t\n\t\t\t\n<div class=\"video video-fit mb\" style=\"padding-top:170%;\"><p><iframe title=\"Siber Hastal\u0131k (Cybersickness) ve Tedavi Y\u00f6ntemleri | Dr. Ody. Emel U\u011fur\" width=\"1020\" height=\"574\" src=\"https:\/\/www.youtube.com\/embed\/qGLmzHG3sqM?feature=oembed\" frameborder=\"0\" allow=\"accelerometer; autoplay; clipboard-write; encrypted-media; gyroscope; picture-in-picture; web-share\" referrerpolicy=\"strict-origin-when-cross-origin\" allowfullscreen><\/iframe><\/p>\n<div style='text-align:center' class='yasr-auto-insert-visitor'><\/div><\/div>\n\t\t<\/div>\n\t\t\t\t\t<\/div>\n\n\t\n\n\t<div id=\"col-1275064860\" class=\"col medium-4 small-12 large-4\"  >\n\t\t\t\t<div class=\"col-inner\"  >\n\t\t\t\n\t\t\t\n<div class=\"video video-fit mb\" style=\"padding-top:170%;\"><p><iframe title=\"Meniere tes\u0327hisi nas\u0131l konulur? | Dr. Ody. Emel U\u011fur\" width=\"1020\" height=\"574\" src=\"https:\/\/www.youtube.com\/embed\/x6sHlaxF_SY?feature=oembed\" frameborder=\"0\" allow=\"accelerometer; autoplay; clipboard-write; encrypted-media; gyroscope; picture-in-picture; web-share\" referrerpolicy=\"strict-origin-when-cross-origin\" allowfullscreen><\/iframe><\/p>\n<div style='text-align:center' class='yasr-auto-insert-visitor'><\/div><\/div>\n\t\t<\/div>\n\t\t\t\t\t<\/div>\n\n\t\n\n\t<div id=\"col-61659571\" class=\"col medium-4 small-12 large-4\"  >\n\t\t\t\t<div class=\"col-inner\"  >\n\t\t\t\n\t\t\t\n<div class=\"video video-fit mb\" style=\"padding-top:170%;\"><p><iframe title=\"\u0130s\u0327itme cihaz\u0131 nas\u0131l al\u0131n\u0131r? | Dr. Ody. Emel U\u011fur\" width=\"1020\" height=\"574\" src=\"https:\/\/www.youtube.com\/embed\/4CPJS778FwE?feature=oembed\" frameborder=\"0\" allow=\"accelerometer; autoplay; clipboard-write; encrypted-media; gyroscope; picture-in-picture; web-share\" referrerpolicy=\"strict-origin-when-cross-origin\" allowfullscreen><\/iframe><\/p>\n<div style='text-align:center' class='yasr-auto-insert-visitor'><\/div><\/div>\n\t\t<\/div>\n\t\t\t\t\t<\/div>\n\n\t\n\n\t<div id=\"col-1606064016\" class=\"col medium-4 small-12 large-4\"  >\n\t\t\t\t<div class=\"col-inner\"  >\n\t\t\t\n\t\t\t\n<div class=\"video video-fit mb\" style=\"padding-top:170%;\"><p><iframe title=\"I\u0307s\u0327itme kayb\u0131 c\u0327es\u0327itleri nelerdir? | Dr. Ody. Emel U\u011fur\" width=\"1020\" height=\"574\" src=\"https:\/\/www.youtube.com\/embed\/FLFWeE3xqaw?feature=oembed\" frameborder=\"0\" allow=\"accelerometer; autoplay; clipboard-write; encrypted-media; gyroscope; picture-in-picture; web-share\" referrerpolicy=\"strict-origin-when-cross-origin\" allowfullscreen><\/iframe><\/p>\n<div style='text-align:center' class='yasr-auto-insert-visitor'><\/div><\/div>\n\t\t<\/div>\n\t\t\t\t\t<\/div>\n\n\t\n\n\t<div id=\"col-2090685296\" class=\"col medium-4 small-12 large-4\"  >\n\t\t\t\t<div class=\"col-inner\"  >\n\t\t\t\n\t\t\t\n<div class=\"video video-fit mb\" style=\"padding-top:170%;\"><p><iframe title=\"Meniere tan\u0131s\u0131 ic\u0327in hangi testler yap\u0131lmal\u0131? | Dr. Ody. Emel U\u011fur\" width=\"1020\" height=\"574\" src=\"https:\/\/www.youtube.com\/embed\/LCcB1F91s3I?feature=oembed\" frameborder=\"0\" allow=\"accelerometer; autoplay; clipboard-write; encrypted-media; gyroscope; picture-in-picture; web-share\" referrerpolicy=\"strict-origin-when-cross-origin\" allowfullscreen><\/iframe><\/p>\n<div style='text-align:center' class='yasr-auto-insert-visitor'><\/div><\/div>\n\t\t<\/div>\n\t\t\t\t\t<\/div>\n\n\t\n\n\t<div id=\"col-402069411\" class=\"col medium-4 small-12 large-4\"  >\n\t\t\t\t<div class=\"col-inner\"  >\n\t\t\t\n\t\t\t\n<div class=\"video video-fit mb\" style=\"padding-top:170%;\"><p><iframe title=\"Kalorik test nedir, neyi go\u0308sterir? | Dr. Ody. Emel U\u011fur\" width=\"1020\" height=\"574\" src=\"https:\/\/www.youtube.com\/embed\/yi5AFyUw_d0?feature=oembed\" frameborder=\"0\" allow=\"accelerometer; autoplay; clipboard-write; encrypted-media; gyroscope; picture-in-picture; web-share\" referrerpolicy=\"strict-origin-when-cross-origin\" allowfullscreen><\/iframe><\/p>\n<div style='text-align:center' class='yasr-auto-insert-visitor'><\/div><\/div>\n\t\t<\/div>\n\t\t\t\t\t<\/div>\n\n\t\n\n\t<div id=\"col-1714048334\" class=\"col medium-4 small-12 large-4\"  >\n\t\t\t\t<div class=\"col-inner\"  >\n\t\t\t\n\t\t\t\n<div class=\"video video-fit mb\" style=\"padding-top:170%;\"><p><iframe title=\"Odyoloji B\u00f6l\u00fcm\u00fc Ne \u0130le \u0130lgilenir? | Dr. Ody. Emel U\u011fur\" width=\"1020\" height=\"574\" src=\"https:\/\/www.youtube.com\/embed\/MJ9QGoSZUMY?feature=oembed\" frameborder=\"0\" allow=\"accelerometer; autoplay; clipboard-write; encrypted-media; gyroscope; picture-in-picture; web-share\" referrerpolicy=\"strict-origin-when-cross-origin\" allowfullscreen><\/iframe><\/p>\n<div style='text-align:center' class='yasr-auto-insert-visitor'><\/div><\/div>\n\t\t<\/div>\n\t\t\t\t\t<\/div>\n\n\t\n\n\t<div id=\"col-888753616\" class=\"col medium-4 small-12 large-4\"  >\n\t\t\t\t<div class=\"col-inner\"  >\n\t\t\t\n\t\t\t\n<div class=\"video video-fit mb\" style=\"padding-top:170%;\"><p><iframe title=\"Kulaktan kalp at\u0131\u015f\u0131 gibi ses gelmesi nedir? | Dr. Ody. Emel U\u011fur\" width=\"1020\" height=\"574\" src=\"https:\/\/www.youtube.com\/embed\/qLdYik-3swI?feature=oembed\" frameborder=\"0\" allow=\"accelerometer; autoplay; clipboard-write; encrypted-media; gyroscope; picture-in-picture; web-share\" referrerpolicy=\"strict-origin-when-cross-origin\" allowfullscreen><\/iframe><\/p>\n<div style='text-align:center' class='yasr-auto-insert-visitor'><\/div><\/div>\n\t\t<\/div>\n\t\t\t\t\t<\/div>\n\n\t\n\n\t<div id=\"col-1543233353\" class=\"col medium-4 small-12 large-4\"  >\n\t\t\t\t<div class=\"col-inner\"  >\n\t\t\t\n\t\t\t\n<div class=\"video video-fit mb\" style=\"padding-top:170%;\"><p><iframe title=\"\u0130\u015fitme cihaz\u0131 kimlere tak\u0131l\u0131r? | Dr. Ody. Emel U\u011fur\" width=\"1020\" height=\"574\" src=\"https:\/\/www.youtube.com\/embed\/Pnn2M5ptltc?feature=oembed\" frameborder=\"0\" allow=\"accelerometer; autoplay; clipboard-write; encrypted-media; gyroscope; picture-in-picture; web-share\" referrerpolicy=\"strict-origin-when-cross-origin\" allowfullscreen><\/iframe><\/p>\n<div style='text-align:center' class='yasr-auto-insert-visitor'><\/div><\/div>\n\t\t<\/div>\n\t\t\t\t\t<\/div>\n\n\t\n\n\t<div id=\"col-616545557\" class=\"col medium-4 small-12 large-4\"  >\n\t\t\t\t<div class=\"col-inner\"  >\n\t\t\t\n\t\t\t\n<div class=\"video video-fit mb\" style=\"padding-top:170%;\"><p><iframe title=\"\u015eeker hastal\u0131\u011f\u0131 denge bozuklu\u011fu yapar m\u0131? | Dr. Ody. Emel U\u011fur\" width=\"1020\" height=\"574\" src=\"https:\/\/www.youtube.com\/embed\/ajW1jLhs5tY?feature=oembed\" frameborder=\"0\" allow=\"accelerometer; autoplay; clipboard-write; encrypted-media; gyroscope; picture-in-picture; web-share\" referrerpolicy=\"strict-origin-when-cross-origin\" allowfullscreen><\/iframe><\/p>\n<div style='text-align:center' class='yasr-auto-insert-visitor'><\/div><\/div>\n\t\t<\/div>\n\t\t\t\t\t<\/div>\n\n\t\n\n\t<div id=\"col-1991009376\" class=\"col medium-4 small-12 large-4\"  >\n\t\t\t\t<div class=\"col-inner\"  >\n\t\t\t\n\t\t\t\n<div class=\"video video-fit mb\" style=\"padding-top:170%;\"><p><iframe title=\"Kulak bas\u0131nc\u0131 ba\u015f d\u00f6nmesi yapar m\u0131? | Dr. Ody. Emel U\u011fur\" width=\"1020\" height=\"574\" src=\"https:\/\/www.youtube.com\/embed\/-V1L8xu13f8?feature=oembed\" frameborder=\"0\" allow=\"accelerometer; autoplay; clipboard-write; encrypted-media; gyroscope; picture-in-picture; web-share\" referrerpolicy=\"strict-origin-when-cross-origin\" allowfullscreen><\/iframe><\/p>\n<div style='text-align:center' class='yasr-auto-insert-visitor'><\/div><\/div>\n\t\t<\/div>\n\t\t\t\t\t<\/div>\n\n\t\n\n\t<div id=\"col-2013484184\" class=\"col medium-4 small-12 large-4\"  >\n\t\t\t\t<div class=\"col-inner\"  >\n\t\t\t\n\t\t\t\n<div class=\"video video-fit mb\" style=\"padding-top:170%;\"><p><iframe title=\"Meniere ve vertigo aras\u0131ndaki fark nedir? | Dr. Ody. Emel U\u011fur\" width=\"1020\" height=\"574\" src=\"https:\/\/www.youtube.com\/embed\/7CVgSb6uHZ4?feature=oembed\" frameborder=\"0\" allow=\"accelerometer; autoplay; clipboard-write; encrypted-media; gyroscope; picture-in-picture; web-share\" referrerpolicy=\"strict-origin-when-cross-origin\" allowfullscreen><\/iframe><\/p>\n<div style='text-align:center' class='yasr-auto-insert-visitor'><\/div><\/div>\n\t\t<\/div>\n\t\t\t\t\t<\/div>\n\n\t\n\n\t<div id=\"col-1863867840\" class=\"col medium-4 small-12 large-4\"  >\n\t\t\t\t<div class=\"col-inner\"  >\n\t\t\t\n\t\t\t\n<div class=\"video video-fit mb\" style=\"padding-top:170%;\"><p><iframe title=\"Kulak kristalleri neden oynar? | Dr. Ody. Emel U\u011fur\" width=\"1020\" height=\"574\" src=\"https:\/\/www.youtube.com\/embed\/CNhY0o-4SCY?feature=oembed\" frameborder=\"0\" allow=\"accelerometer; autoplay; clipboard-write; encrypted-media; gyroscope; picture-in-picture; web-share\" referrerpolicy=\"strict-origin-when-cross-origin\" allowfullscreen><\/iframe><\/p>\n<div style='text-align:center' class='yasr-auto-insert-visitor'><\/div><\/div>\n\t\t<\/div>\n\t\t\t\t\t<\/div>\n\n\t\n\n\t<div id=\"col-479761161\" class=\"col medium-4 small-12 large-4\"  >\n\t\t\t\t<div class=\"col-inner\"  >\n\t\t\t\n\t\t\t\n<div class=\"video video-fit mb\" style=\"padding-top:170%;\"><p><iframe title=\"Kulak kiri i\u015fitme kayb\u0131 yapar m\u0131? | Dr. Ody. Emel U\u011fur\" width=\"1020\" height=\"574\" src=\"https:\/\/www.youtube.com\/embed\/A3f_6qTVhqE?feature=oembed\" frameborder=\"0\" allow=\"accelerometer; autoplay; clipboard-write; encrypted-media; gyroscope; picture-in-picture; web-share\" referrerpolicy=\"strict-origin-when-cross-origin\" allowfullscreen><\/iframe><\/p>\n<div style='text-align:center' class='yasr-auto-insert-visitor'><\/div><\/div>\n\t\t<\/div>\n\t\t\t\t\t<\/div>\n\n\t\n<\/div>\n\t\t<\/div>\n\n\t\t\n<style>\n#section_547252162 {\n  padding-top: 30px;\n  padding-bottom: 30px;\n}\n<\/style>\n\t<\/section>\n\t\n<div style='text-align:center' class='yasr-auto-insert-visitor'><\/div>","protected":false},"excerpt":{"rendered":"","protected":false},"author":1,"featured_media":0,"parent":1924,"menu_order":0,"comment_status":"closed","ping_status":"closed","template":"page-blank.php","meta":{"yasr_overall_rating":0,"yasr_post_is_review":"","yasr_auto_insert_disabled":"","yasr_review_type":"","footnotes":""},"class_list":["post-1929","page","type-page","status-publish","hentry"],"yasr_visitor_votes":{"stars_attributes":{"read_only":false,"span_bottom":false},"number_of_votes":0,"sum_votes":0},"_links":{"self":[{"href":"https:\/\/emelugur.com\/en\/wp-json\/wp\/v2\/pages\/1929","targetHints":{"allow":["GET"]}}],"collection":[{"href":"https:\/\/emelugur.com\/en\/wp-json\/wp\/v2\/pages"}],"about":[{"href":"https:\/\/emelugur.com\/en\/wp-json\/wp\/v2\/types\/page"}],"author":[{"embeddable":true,"href":"https:\/\/emelugur.com\/en\/wp-json\/wp\/v2\/users\/1"}],"replies":[{"embeddable":true,"href":"https:\/\/emelugur.com\/en\/wp-json\/wp\/v2\/comments?post=1929"}],"version-history":[{"count":3,"href":"https:\/\/emelugur.com\/en\/wp-json\/wp\/v2\/pages\/1929\/revisions"}],"predecessor-version":[{"id":1948,"href":"https:\/\/emelugur.com\/en\/wp-json\/wp\/v2\/pages\/1929\/revisions\/1948"}],"up":[{"embeddable":true,"href":"https:\/\/emelugur.com\/en\/wp-json\/wp\/v2\/pages\/1924"}],"wp:attachment":[{"href":"https:\/\/emelugur.com\/en\/wp-json\/wp\/v2\/media?parent=1929"}],"curies":[{"name":"wp","href":"https:\/\/api.w.org\/{rel}","templated":true}]}}